{"id":644,"date":"2022-04-25T21:39:04","date_gmt":"2022-04-25T21:39:04","guid":{"rendered":"https:\/\/newsletters.aans.org\/tumor\/?page_id=644"},"modified":"2022-04-25T21:39:04","modified_gmt":"2022-04-25T21:39:04","slug":"nasbs-update-2022","status":"publish","type":"page","link":"https:\/\/newsletters.aans.org\/tumor\/tumor-news-spring-2022\/nasbs-update-2022\/","title":{"rendered":"NASBS Update 2022"},"content":{"rendered":"<p>Skull base surgery is making a bold return in 2022.\u00a0 The 31<sup>st<\/sup> annual meeting of the North American Skull Base Society (NASBS) was held at The Sheraton Grand at Wild Horse Pass, in Phoenix, Arizona, February 18-20, 2022.\u00a0 As usual, there was a very popular pre-meeting dissection course before the meeting, February 16-17, 2022.\u00a0 Dr. John Golfinos, chairman of Neurosurgery at NYU Langone Health System was the President who shepherded the NASBS through this trying time over the past two years.\u00a0 The meeting was an unqualified success.\u00a0 There were 448 submitted abstracts which produced 233 oral proffered presentations and 136 posters.\u00a0 The meeting drew 733 attendees from all around the U.S., as well as there were international attendees from Europe and Asia.\u00a0 Honored guest speakers included Michel Kalamarides, MD of Piti\u00e9-Salpetri\u00e8re H\u00f4pital (Facult\u00e9 de Med\u00e9cine, Sorbonne- Universit\u00e9), Paris France; Douglas Kondziolka, MD and Chandranath Sen, MD, both from NYU and Dr. Robert Spetzler, MD from Barrow Neurologic Institute (retired).\u00a0 Frankly, the science was outstanding, the offerings diverse and it was great to see friends and colleagues again.<\/p>\n<p>At the time of this writing, next week, the 8th World Federation of Skull Base Societies Meeting is scheduled to be held March 22-27, 2022 in the beautiful city of Rio de Janeiro, Brazil.\u00a0 The meeting is hosted by Luis Alencar Borba, WFSBS Meeting President, Jose\u2019 Alberto Landeiro, WFSBS Honorary President, Basant Misra, WFSBS President and Fernando Dias, WFSBS President-elect.\u00a0 The program is packed with content covering every aspect of the diagnosis and care of skull base disorders discussed by experts from literally around the world.<\/p>\n<p>Just as exciting, the 14<sup>th<\/sup> Congress of the European Skull Base Society is scheduled for Riva del Garda, Italy, April 20-23, 2022.\u00a0 Similarly, the program is packed with the experts from around the world, but especially from all over Europe, discussing the latest treatments regarding skull base pathology.\u00a0 Once again, at the time of this writing, Prof. Giovanni Danesi of Bergamo, Italy and Prof. Davide Locatelli of Varese, Italy look forward to welcoming everyone to one of the most beautiful conference venues in the world!<\/p>\n<p>The NASBS is looking forward to partnering with the 2022 CNS program committee arranging a special symposium on skull base surgery at the annual meeting in San Francisco, October 8-12, 2022.\u00a0 In addition, at the annual board meeting of the NASBS there was preliminary discussion of trying to organize a formal match for neurosurgery skull base fellowships.\u00a0 Dr. Siviero Agazzi, President-elect of the NASBS, is going to work on a formal proposal in the upcoming year. \u00a0To recall, skull base fellowships can now achieve CAST accreditation. Next year\u2019s NASBS meeting is scheduled for February 17-19, 2023 in Tampa, Florida at the JW Marriott Water Street.\u00a0 Dr. Lee Zimmer, rhinologist and anterior skull base expert from Cincinnati is the current President and will be presiding over this meeting.<\/p>\n<p>The NASBS also recently awarded its domestic and international travel scholarships.\u00a0 These scholarships fund international and US surgeons to attend the NASBS meeting and visit a participating skull base center of their choosing for a one week observership.\u00a0 This is an extremely popular program which is currently funded by individual donations from academic centers.\u00a0 This year\u2019s winners include Dr. Ghassen Gader from the Trauma and Burn Center, Tunisia, who will be visiting Thomas Jefferson University, Dr. Jaskaran Singh Gosal from the All India Institute of Medical Sciences, India, who will be visiting Mayo Clinic Rochester and Dr.\u00a0 Guarav Tyagi from National Institute of Mental Health and Neurosciences, Bangalore, India, who will be observing at University of Miami.<\/p>\n<p>We look forward to seeing everyone in Philadelphia<\/p>\n<p>Paul A Gardner, MD,\u00a0 University of Pittsburgh Medical Center.<\/p>\n<p>Michael J Link, MD, Mayo Clinic, Rochester, Minnesota.<\/p>\n<p>Daniel M Prevedello, MD, Ohio State University Wexner Medical Center.<\/p>\n","protected":false},"excerpt":{"rendered":"<p>Skull base surgery is making a bold return in 2022.\u00a0 The 31st annual meeting of the North American Skull Base Society (NASBS) was held at The Sheraton Grand at Wild Horse Pass, in Phoenix, Arizona, February 18-20, 2022.\u00a0 As usual, there was a very popular pre-meeting dissection course before the meeting, February 16-17, 2022.\u00a0 Dr. [&hellip;]<\/p>\n","protected":false},"author":1,"featured_media":0,"parent":596,"menu_order":10,"comment_status":"closed","ping_status":"closed","template":"","meta":{"_acf_changed":false,"footnotes":""},"class_list":["post-644","page","type-page","status-publish","hentry"],"acf":[],"yoast_head":"<!-- This site is optimized with the Yoast SEO plugin v27.3 - https:\/\/yoast.com\/product\/yoast-seo-wordpress\/ -->\n<title>NASBS Update 2022 - Tumor News<\/title>\n<meta name=\"robots\" content=\"index, follow, max-snippet:-1, max-image-preview:large, max-video-preview:-1\" \/>\n<link rel=\"canonical\" href=\"https:\/\/newsletters.aans.org\/tumor\/tumor-news-spring-2022\/nasbs-update-2022\/\" \/>\n<meta property=\"og:locale\" content=\"en_US\" \/>\n<meta property=\"og:type\" content=\"article\" \/>\n<meta property=\"og:title\" content=\"NASBS Update 2022 - Tumor News\" \/>\n<meta property=\"og:description\" content=\"Skull base surgery is making a bold return in 2022.\u00a0 The 31st annual meeting of the North American Skull Base Society (NASBS) was held at The Sheraton Grand at Wild Horse Pass, in Phoenix, Arizona, February 18-20, 2022.\u00a0 As usual, there was a very popular pre-meeting dissection course before the meeting, February 16-17, 2022.\u00a0 Dr. [&hellip;]\" \/>\n<meta property=\"og:url\" content=\"https:\/\/newsletters.aans.org\/tumor\/tumor-news-spring-2022\/nasbs-update-2022\/\" \/>\n<meta property=\"og:site_name\" content=\"Tumor News\" \/>\n<meta name=\"twitter:card\" content=\"summary_large_image\" \/>\n<meta name=\"twitter:label1\" content=\"Est. reading time\" \/>\n\t<meta name=\"twitter:data1\" content=\"3 minutes\" \/>\n<script type=\"application\/ld+json\" class=\"yoast-schema-graph\">{\"@context\":\"https:\\\/\\\/schema.org\",\"@graph\":[{\"@type\":\"WebPage\",\"@id\":\"https:\\\/\\\/newsletters.aans.org\\\/tumor\\\/tumor-news-spring-2022\\\/nasbs-update-2022\\\/\",\"url\":\"https:\\\/\\\/newsletters.aans.org\\\/tumor\\\/tumor-news-spring-2022\\\/nasbs-update-2022\\\/\",\"name\":\"NASBS Update 2022 - Tumor News\",\"isPartOf\":{\"@id\":\"https:\\\/\\\/newsletters.aans.org\\\/tumor\\\/#website\"},\"datePublished\":\"2022-04-25T21:39:04+00:00\",\"breadcrumb\":{\"@id\":\"https:\\\/\\\/newsletters.aans.org\\\/tumor\\\/tumor-news-spring-2022\\\/nasbs-update-2022\\\/#breadcrumb\"},\"inLanguage\":\"en-US\",\"potentialAction\":[{\"@type\":\"ReadAction\",\"target\":[\"https:\\\/\\\/newsletters.aans.org\\\/tumor\\\/tumor-news-spring-2022\\\/nasbs-update-2022\\\/\"]}]},{\"@type\":\"BreadcrumbList\",\"@id\":\"https:\\\/\\\/newsletters.aans.org\\\/tumor\\\/tumor-news-spring-2022\\\/nasbs-update-2022\\\/#breadcrumb\",\"itemListElement\":[{\"@type\":\"ListItem\",\"position\":1,\"name\":\"Home\",\"item\":\"https:\\\/\\\/newsletters.aans.org\\\/tumor\\\/\"},{\"@type\":\"ListItem\",\"position\":2,\"name\":\"Tumor News Spring 2022\",\"item\":\"https:\\\/\\\/newsletters.aans.org\\\/tumor\\\/tumor-news-spring-2022\\\/\"},{\"@type\":\"ListItem\",\"position\":3,\"name\":\"NASBS Update 2022\"}]},{\"@type\":\"WebSite\",\"@id\":\"https:\\\/\\\/newsletters.aans.org\\\/tumor\\\/#website\",\"url\":\"https:\\\/\\\/newsletters.aans.org\\\/tumor\\\/\",\"name\":\"Tumor News\",\"description\":\"Just another AANS Newsletter Sites site\",\"publisher\":{\"@id\":\"https:\\\/\\\/newsletters.aans.org\\\/tumor\\\/#organization\"},\"potentialAction\":[{\"@type\":\"SearchAction\",\"target\":{\"@type\":\"EntryPoint\",\"urlTemplate\":\"https:\\\/\\\/newsletters.aans.org\\\/tumor\\\/?s={search_term_string}\"},\"query-input\":{\"@type\":\"PropertyValueSpecification\",\"valueRequired\":true,\"valueName\":\"search_term_string\"}}],\"inLanguage\":\"en-US\"},{\"@type\":\"Organization\",\"@id\":\"https:\\\/\\\/newsletters.aans.org\\\/tumor\\\/#organization\",\"name\":\"Tumor News\",\"url\":\"https:\\\/\\\/newsletters.aans.org\\\/tumor\\\/\",\"logo\":{\"@type\":\"ImageObject\",\"inLanguage\":\"en-US\",\"@id\":\"https:\\\/\\\/newsletters.aans.org\\\/tumor\\\/#\\\/schema\\\/logo\\\/image\\\/\",\"url\":\"https:\\\/\\\/newsletters.aans.org\\\/wp-content\\\/uploads\\\/sites\\\/5\\\/2024\\\/11\\\/JST.2024.logo_.png\",\"contentUrl\":\"https:\\\/\\\/newsletters.aans.org\\\/wp-content\\\/uploads\\\/sites\\\/5\\\/2024\\\/11\\\/JST.2024.logo_.png\",\"width\":2336,\"height\":2294,\"caption\":\"Tumor News\"},\"image\":{\"@id\":\"https:\\\/\\\/newsletters.aans.org\\\/tumor\\\/#\\\/schema\\\/logo\\\/image\\\/\"}}]}<\/script>\n<!-- \/ Yoast SEO plugin. -->","yoast_head_json":{"title":"NASBS Update 2022 - Tumor News","robots":{"index":"index","follow":"follow","max-snippet":"max-snippet:-1","max-image-preview":"max-image-preview:large","max-video-preview":"max-video-preview:-1"},"canonical":"https:\/\/newsletters.aans.org\/tumor\/tumor-news-spring-2022\/nasbs-update-2022\/","og_locale":"en_US","og_type":"article","og_title":"NASBS Update 2022 - Tumor News","og_description":"Skull base surgery is making a bold return in 2022.\u00a0 The 31st annual meeting of the North American Skull Base Society (NASBS) was held at The Sheraton Grand at Wild Horse Pass, in Phoenix, Arizona, February 18-20, 2022.\u00a0 As usual, there was a very popular pre-meeting dissection course before the meeting, February 16-17, 2022.\u00a0 Dr. [&hellip;]","og_url":"https:\/\/newsletters.aans.org\/tumor\/tumor-news-spring-2022\/nasbs-update-2022\/","og_site_name":"Tumor News","twitter_card":"summary_large_image","twitter_misc":{"Est. reading time":"3 minutes"},"schema":{"@context":"https:\/\/schema.org","@graph":[{"@type":"WebPage","@id":"https:\/\/newsletters.aans.org\/tumor\/tumor-news-spring-2022\/nasbs-update-2022\/","url":"https:\/\/newsletters.aans.org\/tumor\/tumor-news-spring-2022\/nasbs-update-2022\/","name":"NASBS Update 2022 - Tumor News","isPartOf":{"@id":"https:\/\/newsletters.aans.org\/tumor\/#website"},"datePublished":"2022-04-25T21:39:04+00:00","breadcrumb":{"@id":"https:\/\/newsletters.aans.org\/tumor\/tumor-news-spring-2022\/nasbs-update-2022\/#breadcrumb"},"inLanguage":"en-US","potentialAction":[{"@type":"ReadAction","target":["https:\/\/newsletters.aans.org\/tumor\/tumor-news-spring-2022\/nasbs-update-2022\/"]}]},{"@type":"BreadcrumbList","@id":"https:\/\/newsletters.aans.org\/tumor\/tumor-news-spring-2022\/nasbs-update-2022\/#breadcrumb","itemListElement":[{"@type":"ListItem","position":1,"name":"Home","item":"https:\/\/newsletters.aans.org\/tumor\/"},{"@type":"ListItem","position":2,"name":"Tumor News Spring 2022","item":"https:\/\/newsletters.aans.org\/tumor\/tumor-news-spring-2022\/"},{"@type":"ListItem","position":3,"name":"NASBS Update 2022"}]},{"@type":"WebSite","@id":"https:\/\/newsletters.aans.org\/tumor\/#website","url":"https:\/\/newsletters.aans.org\/tumor\/","name":"Tumor News","description":"Just another AANS Newsletter Sites site","publisher":{"@id":"https:\/\/newsletters.aans.org\/tumor\/#organization"},"potentialAction":[{"@type":"SearchAction","target":{"@type":"EntryPoint","urlTemplate":"https:\/\/newsletters.aans.org\/tumor\/?s={search_term_string}"},"query-input":{"@type":"PropertyValueSpecification","valueRequired":true,"valueName":"search_term_string"}}],"inLanguage":"en-US"},{"@type":"Organization","@id":"https:\/\/newsletters.aans.org\/tumor\/#organization","name":"Tumor News","url":"https:\/\/newsletters.aans.org\/tumor\/","logo":{"@type":"ImageObject","inLanguage":"en-US","@id":"https:\/\/newsletters.aans.org\/tumor\/#\/schema\/logo\/image\/","url":"https:\/\/newsletters.aans.org\/wp-content\/uploads\/sites\/5\/2024\/11\/JST.2024.logo_.png","contentUrl":"https:\/\/newsletters.aans.org\/wp-content\/uploads\/sites\/5\/2024\/11\/JST.2024.logo_.png","width":2336,"height":2294,"caption":"Tumor News"},"image":{"@id":"https:\/\/newsletters.aans.org\/tumor\/#\/schema\/logo\/image\/"}}]}},"_links":{"self":[{"href":"https:\/\/newsletters.aans.org\/tumor\/wp-json\/wp\/v2\/pages\/644","targetHints":{"allow":["GET"]}}],"collection":[{"href":"https:\/\/newsletters.aans.org\/tumor\/wp-json\/wp\/v2\/pages"}],"about":[{"href":"https:\/\/newsletters.aans.org\/tumor\/wp-json\/wp\/v2\/types\/page"}],"author":[{"embeddable":true,"href":"https:\/\/newsletters.aans.org\/tumor\/wp-json\/wp\/v2\/users\/1"}],"replies":[{"embeddable":true,"href":"https:\/\/newsletters.aans.org\/tumor\/wp-json\/wp\/v2\/comments?post=644"}],"version-history":[{"count":1,"href":"https:\/\/newsletters.aans.org\/tumor\/wp-json\/wp\/v2\/pages\/644\/revisions"}],"predecessor-version":[{"id":645,"href":"https:\/\/newsletters.aans.org\/tumor\/wp-json\/wp\/v2\/pages\/644\/revisions\/645"}],"up":[{"embeddable":true,"href":"https:\/\/newsletters.aans.org\/tumor\/wp-json\/wp\/v2\/pages\/596"}],"wp:attachment":[{"href":"https:\/\/newsletters.aans.org\/tumor\/wp-json\/wp\/v2\/media?parent=644"}],"curies":[{"name":"wp","href":"https:\/\/api.w.org\/{rel}","templated":true}]}}